{"id":3,"date":"2022-09-28T11:14:35","date_gmt":"2022-09-28T09:14:35","guid":{"rendered":"http:\/\/www.cittainformatica.it\/?page_id=3"},"modified":"2022-11-29T17:15:25","modified_gmt":"2022-11-29T16:15:25","slug":"privacy-policy","status":"publish","type":"page","link":"https:\/\/www.cittainformatica.it\/?page_id=3","title":{"rendered":"Privacy Policy"},"content":{"rendered":"\t\t<div data-elementor-type=\"wp-page\" data-elementor-id=\"3\" class=\"elementor elementor-3\">\n\t\t\t\t\t\t\t\t\t<section class=\"elementor-section elementor-top-section elementor-element elementor-element-5f5b5527 elementor-section-boxed elementor-section-height-default elementor-section-height-default\" data-id=\"5f5b5527\" data-element_type=\"section\">\n\t\t\t\t\t\t<div class=\"elementor-container elementor-column-gap-default\">\n\t\t\t\t\t<div class=\"elementor-column elementor-col-100 elementor-top-column elementor-element elementor-element-924aa65\" data-id=\"924aa65\" data-element_type=\"column\">\n\t\t\t<div class=\"elementor-widget-wrap elementor-element-populated\">\n\t\t\t\t\t\t\t\t<div class=\"elementor-element elementor-element-9b0e310 elementor-widget elementor-widget-heading\" data-id=\"9b0e310\" data-element_type=\"widget\" data-widget_type=\"heading.default\">\n\t\t\t\t<div class=\"elementor-widget-container\">\n\t\t\t<style>\/*! elementor - v3.13.3 - 28-05-2023 *\/\n.elementor-heading-title{padding:0;margin:0;line-height:1}.elementor-widget-heading .elementor-heading-title[class*=elementor-size-]>a{color:inherit;font-size:inherit;line-height:inherit}.elementor-widget-heading .elementor-heading-title.elementor-size-small{font-size:15px}.elementor-widget-heading .elementor-heading-title.elementor-size-medium{font-size:19px}.elementor-widget-heading .elementor-heading-title.elementor-size-large{font-size:29px}.elementor-widget-heading .elementor-heading-title.elementor-size-xl{font-size:39px}.elementor-widget-heading .elementor-heading-title.elementor-size-xxl{font-size:59px}<\/style><h2 class=\"elementor-heading-title elementor-size-default\">Privacy Policy<\/h2>\t\t<\/div>\n\t\t\t\t<\/div>\n\t\t\t\t<div class=\"elementor-element elementor-element-252ca9b5 elementor-widget elementor-widget-text-editor\" data-id=\"252ca9b5\" data-element_type=\"widget\" data-widget_type=\"text-editor.default\">\n\t\t\t\t<div class=\"elementor-widget-container\">\n\t\t\t<style>\/*! elementor - v3.13.3 - 28-05-2023 *\/\n.elementor-widget-text-editor.elementor-drop-cap-view-stacked .elementor-drop-cap{background-color:#69727d;color:#fff}.elementor-widget-text-editor.elementor-drop-cap-view-framed .elementor-drop-cap{color:#69727d;border:3px solid;background-color:transparent}.elementor-widget-text-editor:not(.elementor-drop-cap-view-default) .elementor-drop-cap{margin-top:8px}.elementor-widget-text-editor:not(.elementor-drop-cap-view-default) .elementor-drop-cap-letter{width:1em;height:1em}.elementor-widget-text-editor .elementor-drop-cap{float:left;text-align:center;line-height:1;font-size:50px}.elementor-widget-text-editor .elementor-drop-cap-letter{display:inline-block}<\/style>\t\t\t\t<p>In questa pagina si descrivono le modalit\u00e0 di gestione del sito in riferimento al trattamento dei dati personali degli utenti che lo consultano.<br>Si tratta di un&#8217;informativa che \u00e8 resa ai sensi degli artt. 13 e 14 del GDPR 2016\/679 e della normativa nazionale vigente, a coloro che interagiscono con i servizi web di SISTEMI HARDWARE COMITEC SRL, accessibili per via telematica a partire dall&#8217;indirizzo:<\/p>\n<p><strong>www.cittainformatica.it<\/strong><\/p>\n<p>corrispondente alla pagina iniziale del sito ufficiale di SISTEMI HARDWARE COMITEC SRL.<br>L&#8217;informativa \u00e8 resa solo per il sito di SISTEMI HARDWARE COMITEC SRL e per i relativi sottodomini (es.: www.dominioprincipale.it\/sottodominio), e non anche per altri siti web esterni consultati dall&#8217;utente utilizzando eventuali link presenti nel sito.<br>L&#8217;informativa si ispira anche alla Raccomandazione n. 2\/2001 che le autorit\u00e0 europee per la protezione dei dati personali, riunite nel Gruppo istituito dall&#8217;art. 29 della direttiva n. 95\/46\/CE, hanno adottato il 17 maggio 2001 per individuare alcuni requisiti minimi per la raccolta di dati personali on-line, e, in particolare, le modalit\u00e0, i tempi e la natura delle informazioni che i titolari del trattamento devono fornire agli utenti quando questi si collegano a pagine web, indipendentemente dagli scopi del collegamento.<\/p>\n<h3>Titolare del trattamento<\/h3>\n<p>Il Titolare del Trattamento \u00e8 SISTEMI HARDWARE COMITEC SRL, con sede in Via Como, 78 &#8211; 30027 San Don\u00e0 di Piave (VE).<\/p>\n<h3>Responsabile della protezione dei dati (DPO o RPD)<\/h3>\n<p>Il Titolare ha designato un Responsabile della protezione dei dati (DPO\/RPD) che Lei pu\u00f2 contattare per tutte le questioni relative al trattamento dei suoi dati personali e all\u2019esercizio dei diritti derivanti dal GDPR 2016\/679. I dati di contatto del DPO\/RPD sono i seguenti: rpd@legalmail.it.<\/p>\n<h3>Tipologia di dati trattati e finalit\u00e0 del trattamento<\/h3>\n<h4>Dati di navigazione<\/h4>\n<p>I sistemi informatici e le procedure software preposte al funzionamento di questo sito web acquisiscono, nel corso del loro normale esercizio, alcuni dati personali la cui trasmissione \u00e8 implicita nell&#8217;uso dei protocolli di comunicazione di Internet.<br>Si tratta di informazioni che non sono raccolte per essere associate a interessati identificati, ma che per loro stessa natura potrebbero, attraverso elaborazioni ed associazioni con dati detenuti da terzi, permettere di identificare gli utenti.<br>In questa categoria di dati rientrano gli indirizzi IP o i nomi a dominio dei computer utilizzati dagli utenti che si connettono al sito, gli indirizzi in notazione URI (Uniform Resource Identifier) delle risorse richieste, l&#8217;orario della richiesta, il metodo utilizzato nel sottoporre la richiesta al server, la dimensione del file ottenuto in risposta, il codice numerico indicante lo stato della risposta data dal server (buon fine, errore, ecc.) ed altri parametri relativi al sistema operativo e all&#8217;ambiente informatico dell&#8217;utente.<br>Questi dati vengono utilizzati al solo fine di ricavare informazioni statistiche anonime sull&#8217;uso del sito e per controllarne il corretto funzionamento e vengono cancellati dopo l&#8217;elaborazione. I dati potrebbero essere utilizzati per l&#8217;accertamento di responsabilit\u00e0 in caso di ipotetici reati informatici ai danni del sito.<\/p>\n<h4>Dati forniti volontariamente dall&#8217;utente<\/h4>\n<p>L\u2019invio facoltativo, esplicito e volontario di posta elettronica agli indirizzi indicati su questo sito, anche attraverso la compilazione di specifici form, comporta la successiva acquisizione dell\u2019indirizzo del mittente, necessario per rispondere alle richieste, nonch\u00e9 degli eventuali altri dati personali inseriti nella missiva.<\/p>\n<p>I dati da Lei liberamente conferiti potranno essere trattati per le seguenti finalit\u00e0:<\/p>\n<ul>\n<li>Su specifica richiesta dell\u2019Interessato, l\u2019evasione di richieste d\u2019informazioni sui servizi erogati e prodotti\/soluzioni commercializzate direttamente da SISTEMI HARDWARE COMITEC SRL, e l\u2019evasione di segnalazioni di qualsiasi genere, inviate anche attraverso il form di contatto (art. 6 par. 1 let. b) GDPR 2016\/679);<\/li>\n<li>Su specifica richiesta dell\u2019Interessato, la gestione dell\u2019E-recruitment e\/o di altre forme di collaborazione professionale tra cui la rivendita dei prodotti da noi commercializzati in qualit\u00e0 di \u201cRivenditore\u201d (art. 6 par. 1 let. b) GDPR 2016\/679);<\/li>\n<li>La gestione della ricerca di soggetti \u201cRivenditori\u201d dei prodotti\/soluzioni commercializzate da SISTEMI HARDWARE COMITEC SRL (art. 6 par. 1 let. b) GDPR 2016\/679);<\/li>\n<li>Previo espresso consenso dell\u2019interessato, l\u2019invio di comunicazioni di tipo informativo, commerciale e\/o promozionale, nel pieno rispetto del GDPR 2016\/679 e della normativa nazionale vigente (art. 130 D.Lgs 196\/2003 ss. mm. ii.) nonch\u00e9 del Provvedimento del Garante del 04\/07\/2013 \u201cLinee guida in materia di attivit\u00e0 promozionale e contrasto allo spam\u201d (art. 6 par. 1 let. a) GDPR 2016\/679);<\/li>\n<\/ul>\n<p>Eventuali e specifiche informative saranno progressivamente riportate o visualizzate nelle pagine del sito predisposte per particolari servizi a richiesta.<\/p>\n<p>La raccolta e la registrazione dei dati avverranno per scopi determinati, espliciti e legittimi e con modalit\u00e0 compatibili con tali scopi, nell&#8217;ambito del trattamento necessario per il funzionamento dell\u2019attivit\u00e0 di impresa. Tali dati saranno trattati secondo il principio di esattezza e, se necessario, opportunamente aggiornati, in modo che essi risultino sempre pertinenti, completi e non eccedenti rispetto alle finalit\u00e0 di raccolta e che la loro conservazione sia funzionale al periodo di tempo necessario allo scopo per il quale sono stati raccolti e successivamente trattati secondo il GDPR 2016\/679 e la normativa nazionale vigente.<br>I dati personali possono essere trattati con l\u2019ausilio di strumenti sia cartacei che telematici e comunque in modo tale da garantirne la sicurezza e tutelare la massima riservatezza dell\u2019interessato. Specifiche misure di sicurezza sono osservate per prevenire la perdita dei dati, usi illeciti o non corretti ed accessi non autorizzati nel pieno rispetto dell\u2019art. 32 del GDPR 2016\/679 e della normativa nazionale vigente.<\/p>\n<p>\u2022 <strong>Cookies, plugins e servizi di interazione con piattaforme esterne<\/strong><br>Informativa completa sull\u2019uso dei cookies e dei servizi di interazione con le piattaforme (es. social network) esterne da parte di questo sito \u00e8 disponibile al seguente link:<\/p>\n<p>Cookie Policy del sito www.cittainformatica.it&nbsp; ( <a href=\"https:\/\/www.cittainformatica.it\/?page_id=387\" target=\"_blank\">www.cittainformatica.it\/?page_id=387<\/a> )<br><\/p>\n<p><strong>Natura obbligatoria o facoltativa del conferimento dei dati e conseguenza di un eventuale rifiuto<\/strong><br>A parte quanto specificato per i dati di navigazione, il consenso dell&#8217;utente \u00e8 da intendersi facoltativo. Tuttavia, il mancato conferimento pu\u00f2 comportare, per SISTEMI HARDWARE COMITEC SRL, l&#8217;impossibilit\u00e0 di evadere i servizi richiesti. Il consenso, ove conferito, potr\u00e0 essere revocato in qualsiasi momento inviando una richiesta al seguente indirizzo: info@comitec.it.<\/p>\n<h4>Comunicazione dei dati<\/h4>\n<p>Ferme restando le comunicazioni e diffusioni effettuate in esecuzione di obblighi di legge, tutti i dati raccolti ed elaborati potranno essere comunicati a:<\/p>\n<ul>\n<li>Soggetti ai quali sia necessario comunicare i dati per l\u2019esecuzione di un contratto di cui l\u2019Interessato \u00e8 parte o per l\u2019esecuzione di misure pre-contrattuali adottate su richiesta dello stesso, nonch\u00e9, in generale, per il perseguimento delle finalit\u00e0 citate nella presente informativa;<\/li>\n<li>Soggetti che effettuano trattamenti per conto del Titolare in qualit\u00e0 di Responsabili ex art. 28 GDPR 2016\/679, quali, a titolo meramente esemplificativo e non esaustivo: soggetti che forniscono servizi per la gestione del sistema informativo e delle reti di telecomunicazioni (compresa la posta elettronica). L\u2019elenco completo ed aggiornato dei Responsabili \u00e8 conoscibile, agli aventi diritto, a mera richiesta presso la sede del Titolare<\/li>\n<li>Soggetti autorizzati ad accedere ai dati dalla normativa vigente e\/o ai quali di dati debbano essere comunicati in esecuzione di obblighi di legge.<\/li>\n<\/ul>\n<p>I dati personali potranno essere trattati dai dipendenti e collaboratori assegnati ai competenti uffici della Scrivente, esplicitamente autorizzati al trattamento il base a quanto stabilito dall\u2019art. 29 del GDPR 2016\/679 e dalla normativa nazionale vigente.<\/p>\n<h3>Trasferimento dei dati all\u2019estero<\/h3>\n<p>I dati personali potranno essere comunicati e\/o trasmessi all\u2019estero solo per il perseguimento delle finalit\u00e0 di cui alla presente informativa, ovvero per motivi esclusivamente tecnici legati alla struttura del Sistema Informativo aziendale e\/o all\u2019applicazione di misure di sicurezza tecniche e organizzative ritenute idonee dal Titolare (art. 32 GDPR 2016\/679), ed esclusivamente nel rispetto degli artt. 44 s.s. del GDPR 2016\/679.<\/p>\n<h4>Tempi di conservazione dei dati:<\/h4>\n<p>I dati forniti saranno conservati presso i nostri archivi secondo i seguenti parametri:<\/p>\n<ul>\n<li>Dati forniti volontariamente dall\u2019utente: fino all\u2019evasione del servizio (\u201cprincipio di limitazione della conservazione\u201d, art.5 del GDPR 2016\/679) o in base alle scadenze previste dalle norme di Legge.<\/li>\n<li>Dati trattati per finalit\u00e0 informative, promozionali e commerciali: 24 mesi;<br>In relazione agli specifici termini di prescrizione previsti dall&#8217;ordinamento, potrebbero essere soggetti a tempi di conservazione pi\u00f9 lunghi i dati necessari per l&#8217;accertamento, l&#8217;esercizio o la difesa di un diritto in sede giudiziaria.<br>La verifica sulla obsolescenza dei dati conservati in relazione alle finalit\u00e0 per cui sono stati raccolti viene effettuata periodicamente.<\/li>\n<\/ul>\n<h3>Diritti dell\u2019interessato<\/h3>\n<p>Relativamente ai dati personali l\u2019interessato pu\u00f2 esercitare i diritti previsti nei limiti e alle condizioni previste dagli artt. dal 15 al 22 del GDPR 2016\/679 e dalla normativa nazionale vigente. In particolare, il GDPR attribuisce all\u2019Interessato:<\/p>\n<ul>\n<li>Diritto di accesso (art. 15 GDPR 2016\/679);<\/li>\n<li>Diritto di rettifica dei dati personali inesatti e diritto di integrazione dei parti personali incompleti (art. 16 GDPR 2016\/679);<\/li>\n<li>Diritto alla cancellazione (art. 17 GDPR 2016\/679);<\/li>\n<li>Diritto di limitazione del trattamento (art. 18 GDPR 2016\/679);<\/li>\n<li>Diritto di richiedere i destinatari ai quali sono state comunicate le eventuali rettifiche o cancellazioni o limitazioni del trattamento (art. 19 GDPR 2016\/679);<\/li>\n<li>Diritto alla portabilit\u00e0 dei dati (art. 20 GDPR 2016\/679);<\/li>\n<li>Diritto di opposizione (art. 21 GDPR 2016\/679);<\/li>\n<li>Diritto di non essere sottoposto a una decisione basata unicamente sul trattamento automatizzato (art. 22 GDPR 2016\/679).<\/li>\n<\/ul>\n<p>In caso di sottoscrizione di una qualsiasi forma di consenso al trattamento, si fa presente che l\u2019interessato pu\u00f2 revocarlo in qualsiasi momento, fatti salvi gli adempimenti obbligatori previsti dalla normativa vigente al momento della richiesta di revoca, contattando il Titolare del Trattamento al seguente indirizzo di posta elettronica: info@comitec.it.<\/p>\n<h3>Diritto di Reclamo<\/h3>\n<p>Qualora ritenesse che il trattamento dei Suoi dati personali, effettuato attraverso questo sito, avvenga in violazione di quanto previsto dal GDPR 2016\/679, Lei ha inoltre il diritto di proporre reclamo al Garante per la protezione dei dati personali, come previsto dall&#8217;art. 77 del GDPR 2016\/679 stesso, o di adire le opportune sedi giudiziarie (art. 79 del GDPR 2016\/679).<\/p>\n<p><strong>Per maggiori informazioni puoi contattare il Titolare del trattamento:<\/strong><\/p>\n<p>SISTEMI HARDWARE COMITEC SRL<br>Via Como, 78 &#8211; 30027 San Don\u00e0 di Piave (VE) <br>Tel. +39 0421 481811 &#8211; Fax +39 0421 481840<br>eM.: info@comitec.it<\/p>\n<p>Ultima modifica: 16\/11\/2022<\/p>\t\t\t\t\t\t<\/div>\n\t\t\t\t<\/div>\n\t\t\t\t\t<\/div>\n\t\t<\/div>\n\t\t\t\t\t\t\t<\/div>\n\t\t<\/section>\n\t\t\t\t\t\t\t<\/div>\n\t\t","protected":false},"excerpt":{"rendered":"<p>Privacy Policy In questa pagina si descrivono le modalit\u00e0 di gestione del sito in riferimento al trattamento dei dati personali degli utenti che lo consultano.Si tratta di un&#8217;informativa che \u00e8 resa ai sensi degli artt. 13 e 14 del GDPR 2016\/679 e della normativa nazionale vigente, a coloro che interagiscono con i servizi web di [&hellip;]<\/p>\n","protected":false},"author":1,"featured_media":0,"parent":0,"menu_order":0,"comment_status":"closed","ping_status":"open","template":"elementor_header_footer","meta":{"footnotes":""},"class_list":["post-3","page","type-page","status-publish","hentry"],"yoast_head":"<!-- This site is optimized with the Yoast SEO plugin v20.9 - https:\/\/yoast.com\/wordpress\/plugins\/seo\/ -->\n<title>Privacy Policy - Citt\u00e0 Informatica<\/title>\n<meta name=\"robots\" content=\"index, follow, max-snippet:-1, max-image-preview:large, max-video-preview:-1\" \/>\n<link rel=\"canonical\" href=\"https:\/\/www.cittainformatica.it\/?page_id=3\" \/>\n<meta property=\"og:locale\" content=\"it_IT\" \/>\n<meta property=\"og:type\" content=\"article\" \/>\n<meta property=\"og:title\" content=\"Privacy Policy - Citt\u00e0 Informatica\" \/>\n<meta property=\"og:description\" content=\"Privacy Policy In questa pagina si descrivono le modalit\u00e0 di gestione del sito in riferimento al trattamento dei dati personali degli utenti che lo consultano.Si tratta di un&#8217;informativa che \u00e8 resa ai sensi degli artt. 13 e 14 del GDPR 2016\/679 e della normativa nazionale vigente, a coloro che interagiscono con i servizi web di [&hellip;]\" \/>\n<meta property=\"og:url\" content=\"https:\/\/www.cittainformatica.it\/?page_id=3\" \/>\n<meta property=\"og:site_name\" content=\"Citt\u00e0 Informatica\" \/>\n<meta property=\"article:modified_time\" content=\"2022-11-29T16:15:25+00:00\" \/>\n<meta name=\"twitter:card\" content=\"summary_large_image\" \/>\n<meta name=\"twitter:label1\" content=\"Tempo di lettura stimato\" \/>\n\t<meta name=\"twitter:data1\" content=\"9 minuti\" \/>\n<script type=\"application\/ld+json\" class=\"yoast-schema-graph\">{\"@context\":\"https:\/\/schema.org\",\"@graph\":[{\"@type\":\"WebPage\",\"@id\":\"https:\/\/www.cittainformatica.it\/?page_id=3\",\"url\":\"https:\/\/www.cittainformatica.it\/?page_id=3\",\"name\":\"Privacy Policy - Citt\u00e0 Informatica\",\"isPartOf\":{\"@id\":\"https:\/\/www.cittainformatica.it\/#website\"},\"datePublished\":\"2022-09-28T09:14:35+00:00\",\"dateModified\":\"2022-11-29T16:15:25+00:00\",\"breadcrumb\":{\"@id\":\"https:\/\/www.cittainformatica.it\/?page_id=3#breadcrumb\"},\"inLanguage\":\"it-IT\",\"potentialAction\":[{\"@type\":\"ReadAction\",\"target\":[\"https:\/\/www.cittainformatica.it\/?page_id=3\"]}]},{\"@type\":\"BreadcrumbList\",\"@id\":\"https:\/\/www.cittainformatica.it\/?page_id=3#breadcrumb\",\"itemListElement\":[{\"@type\":\"ListItem\",\"position\":1,\"name\":\"Home\",\"item\":\"https:\/\/www.cittainformatica.it\/\"},{\"@type\":\"ListItem\",\"position\":2,\"name\":\"Privacy Policy\"}]},{\"@type\":\"WebSite\",\"@id\":\"https:\/\/www.cittainformatica.it\/#website\",\"url\":\"https:\/\/www.cittainformatica.it\/\",\"name\":\"Citt\u00e0 Informatica\",\"description\":\"Punto vendita ufficiale SHC\",\"publisher\":{\"@id\":\"https:\/\/www.cittainformatica.it\/#organization\"},\"potentialAction\":[{\"@type\":\"SearchAction\",\"target\":{\"@type\":\"EntryPoint\",\"urlTemplate\":\"https:\/\/www.cittainformatica.it\/?s={search_term_string}\"},\"query-input\":\"required name=search_term_string\"}],\"inLanguage\":\"it-IT\"},{\"@type\":\"Organization\",\"@id\":\"https:\/\/www.cittainformatica.it\/#organization\",\"name\":\"Citt\u00e0 Informatica\",\"url\":\"https:\/\/www.cittainformatica.it\/\",\"logo\":{\"@type\":\"ImageObject\",\"inLanguage\":\"it-IT\",\"@id\":\"https:\/\/www.cittainformatica.it\/#\/schema\/logo\/image\/\",\"url\":\"http:\/\/www.cittainformatica.it\/wp-content\/uploads\/2022\/09\/logo-1.png\",\"contentUrl\":\"http:\/\/www.cittainformatica.it\/wp-content\/uploads\/2022\/09\/logo-1.png\",\"width\":301,\"height\":149,\"caption\":\"Citt\u00e0 Informatica\"},\"image\":{\"@id\":\"https:\/\/www.cittainformatica.it\/#\/schema\/logo\/image\/\"}}]}<\/script>\n<!-- \/ Yoast SEO plugin. -->","yoast_head_json":{"title":"Privacy Policy - Citt\u00e0 Informatica","robots":{"index":"index","follow":"follow","max-snippet":"max-snippet:-1","max-image-preview":"max-image-preview:large","max-video-preview":"max-video-preview:-1"},"canonical":"https:\/\/www.cittainformatica.it\/?page_id=3","og_locale":"it_IT","og_type":"article","og_title":"Privacy Policy - Citt\u00e0 Informatica","og_description":"Privacy Policy In questa pagina si descrivono le modalit\u00e0 di gestione del sito in riferimento al trattamento dei dati personali degli utenti che lo consultano.Si tratta di un&#8217;informativa che \u00e8 resa ai sensi degli artt. 13 e 14 del GDPR 2016\/679 e della normativa nazionale vigente, a coloro che interagiscono con i servizi web di [&hellip;]","og_url":"https:\/\/www.cittainformatica.it\/?page_id=3","og_site_name":"Citt\u00e0 Informatica","article_modified_time":"2022-11-29T16:15:25+00:00","twitter_card":"summary_large_image","twitter_misc":{"Tempo di lettura stimato":"9 minuti"},"schema":{"@context":"https:\/\/schema.org","@graph":[{"@type":"WebPage","@id":"https:\/\/www.cittainformatica.it\/?page_id=3","url":"https:\/\/www.cittainformatica.it\/?page_id=3","name":"Privacy Policy - Citt\u00e0 Informatica","isPartOf":{"@id":"https:\/\/www.cittainformatica.it\/#website"},"datePublished":"2022-09-28T09:14:35+00:00","dateModified":"2022-11-29T16:15:25+00:00","breadcrumb":{"@id":"https:\/\/www.cittainformatica.it\/?page_id=3#breadcrumb"},"inLanguage":"it-IT","potentialAction":[{"@type":"ReadAction","target":["https:\/\/www.cittainformatica.it\/?page_id=3"]}]},{"@type":"BreadcrumbList","@id":"https:\/\/www.cittainformatica.it\/?page_id=3#breadcrumb","itemListElement":[{"@type":"ListItem","position":1,"name":"Home","item":"https:\/\/www.cittainformatica.it\/"},{"@type":"ListItem","position":2,"name":"Privacy Policy"}]},{"@type":"WebSite","@id":"https:\/\/www.cittainformatica.it\/#website","url":"https:\/\/www.cittainformatica.it\/","name":"Citt\u00e0 Informatica","description":"Punto vendita ufficiale SHC","publisher":{"@id":"https:\/\/www.cittainformatica.it\/#organization"},"potentialAction":[{"@type":"SearchAction","target":{"@type":"EntryPoint","urlTemplate":"https:\/\/www.cittainformatica.it\/?s={search_term_string}"},"query-input":"required name=search_term_string"}],"inLanguage":"it-IT"},{"@type":"Organization","@id":"https:\/\/www.cittainformatica.it\/#organization","name":"Citt\u00e0 Informatica","url":"https:\/\/www.cittainformatica.it\/","logo":{"@type":"ImageObject","inLanguage":"it-IT","@id":"https:\/\/www.cittainformatica.it\/#\/schema\/logo\/image\/","url":"http:\/\/www.cittainformatica.it\/wp-content\/uploads\/2022\/09\/logo-1.png","contentUrl":"http:\/\/www.cittainformatica.it\/wp-content\/uploads\/2022\/09\/logo-1.png","width":301,"height":149,"caption":"Citt\u00e0 Informatica"},"image":{"@id":"https:\/\/www.cittainformatica.it\/#\/schema\/logo\/image\/"}}]}},"_links":{"self":[{"href":"https:\/\/www.cittainformatica.it\/index.php?rest_route=\/wp\/v2\/pages\/3","targetHints":{"allow":["GET"]}}],"collection":[{"href":"https:\/\/www.cittainformatica.it\/index.php?rest_route=\/wp\/v2\/pages"}],"about":[{"href":"https:\/\/www.cittainformatica.it\/index.php?rest_route=\/wp\/v2\/types\/page"}],"author":[{"embeddable":true,"href":"https:\/\/www.cittainformatica.it\/index.php?rest_route=\/wp\/v2\/users\/1"}],"replies":[{"embeddable":true,"href":"https:\/\/www.cittainformatica.it\/index.php?rest_route=%2Fwp%2Fv2%2Fcomments&post=3"}],"version-history":[{"count":11,"href":"https:\/\/www.cittainformatica.it\/index.php?rest_route=\/wp\/v2\/pages\/3\/revisions"}],"predecessor-version":[{"id":468,"href":"https:\/\/www.cittainformatica.it\/index.php?rest_route=\/wp\/v2\/pages\/3\/revisions\/468"}],"wp:attachment":[{"href":"https:\/\/www.cittainformatica.it\/index.php?rest_route=%2Fwp%2Fv2%2Fmedia&parent=3"}],"curies":[{"name":"wp","href":"https:\/\/api.w.org\/{rel}","templated":true}]}}